{"id":97,"date":"2025-05-11T13:33:55","date_gmt":"2025-05-11T13:33:55","guid":{"rendered":"https:\/\/elithea-psy.com\/?page_id=97"},"modified":"2025-06-24T14:54:41","modified_gmt":"2025-06-24T14:54:41","slug":"blog","status":"publish","type":"page","link":"https:\/\/elithea-psy.com\/?page_id=97","title":{"rendered":"psychanalyse"},"content":{"rendered":"\n<div class=\"wp-block-group alignfull has-global-padding is-layout-constrained wp-container-core-group-is-layout-1c2ac5aa wp-block-group-is-layout-constrained\">\n<div class=\"wp-block-query alignfull is-layout-flow wp-block-query-is-layout-flow\">\n<p><\/p>\n\n\n\n<p class=\"has-text-align-center has-text-color has-link-color wp-elements-287a3c89a7a936be6c2c84f991f61ff2\" style=\"color:#b26a22;font-size:clamp(15.747px, 0.984rem + ((1vw - 3.2px) * 0.938), 24px);\">lieu de psychanalyse adapt\u00e9 \u00e0 la th\u00e9rapeutique<\/p>\n\n\n\n<div class=\"wp-block-group has-global-padding is-layout-constrained wp-block-group-is-layout-constrained\">\n<p class=\"has-medium-font-size\"><\/p>\n\n\n\n<p class=\"has-text-align-left\">\u00ab\u00a0La psychanalyse passe par une mise en forme par la parole de la forme de la pens\u00e9e consciente et de la pens\u00e9e inconsciente, celle que le sujet ignore. la manoeuvre essentielle de l&rsquo;analyste consiste a faire entendre a celui qui s&rsquo;adresse \u00e0 lui ce qu&rsquo;il dit, mais aussi ce qu&rsquo;il dit ou ne dit pas au-del\u00e0 de ce qu&rsquo;il veut dire. cela selon le principe o\u00f9 l&rsquo;\u00e9metteur re\u00e7oit du recepteur son message sous une forme invers\u00e9e\u00a0\u00bb, <\/p>\n\n\n\n<p><\/p>\n\n\n\n<p class=\"has-small-font-size\">Patricia Bosquin-Caroz, psychanalyste presidente de la fipa<\/p>\n<\/div>\n\n\n\n<div class=\"wp-block-group alignwide variations-posts-grid has-global-padding is-layout-constrained wp-container-core-group-is-layout-ae5cbd71 wp-block-group-is-layout-constrained\" style=\"border-style:none;border-width:0px;border-radius:0px;min-height:0px;margin-top:0;margin-bottom:0;padding-top:3.51rem;padding-right:1.5rem;padding-bottom:2.01rem;padding-left:1.5rem\"><ul class=\"columns-3 alignwide wp-block-post-template is-layout-grid wp-container-core-post-template-is-layout-21e71b63 wp-block-post-template-is-layout-grid\"><li class=\"wp-block-post post-192 post type-post status-publish format-standard hentry category-non-classe\">\n\n<div class=\"wp-block-group has-tertiary-background-color has-background is-layout-flow wp-container-core-group-is-layout-94542ded wp-block-group-is-layout-flow\" style=\"border-style:none;border-width:0px;border-radius:1px;min-height:0px;margin-top:0;margin-bottom:0;padding-top:0;padding-right:0;padding-bottom:0;padding-left:0\">\n\n\n<div class=\"wp-block-group has-global-padding is-layout-constrained wp-container-core-group-is-layout-cba7a6f0 wp-block-group-is-layout-constrained\" style=\"padding-top:2.01rem;padding-right:2.01rem;padding-bottom:2.01rem;padding-left:2.01rem\">\n<div class=\"wp-block-group is-vertical is-content-justification-stretch is-layout-flex wp-container-core-group-is-layout-b316ef67 wp-block-group-is-layout-flex\" style=\"min-height:0px\"><div style=\"color:#e27013;font-size:clamp(0.875rem, 0.875rem + ((1vw - 0.2rem) * 0.064), 0.91rem);font-style:normal;font-weight:400;text-decoration:none;text-transform:uppercase;padding-top:0;padding-bottom:0;padding-left:0;padding-right:0;margin-top:0;margin-bottom:0;margin-left:0;margin-right:0\" class=\"taxonomy-category has-text-align-center has-link-color wp-elements-0a3d64bd0d93e885378567799c673076 wp-block-post-terms has-text-color\"><a href=\"https:\/\/elithea-psy.com\/?cat=1\" rel=\"tag\">Non class\u00e9<\/a><\/div>\n\n\n<div class=\"wp-block-group is-content-justification-center is-layout-flex wp-container-core-group-is-layout-b74433ff wp-block-group-is-layout-flex\" style=\"margin-top:0;margin-bottom:0;padding-top:0;padding-right:0;padding-bottom:0;padding-left:0\"><div style=\"font-size:0.71rem; padding-right:0;padding-left:0;padding-top:0;padding-bottom:0;margin-right:0;margin-left:0;margin-top:0;margin-bottom:0;\" class=\"has-text-align-center wp-block-post-date\"><time datetime=\"2025-05-12T12:47:02+00:00\">12 mai 2025<\/time><\/div><\/div>\n\n\n<h2 style=\"color:#000000; font-size:clamp(0.879rem, 0.879rem + ((1vw - 0.2rem) * 0.784), 1.31rem);font-style:normal;font-weight:400;line-height:1.5;text-decoration:none; padding-top:1.05rem;margin-top:0px;margin-bottom:0px;margin-left:0px;margin-right:0px;\" class=\"has-text-align-center has-link-color wp-elements-cf71188b746d8b5a974e1caf09877df1 wp-block-post-title has-text-color\"><a href=\"https:\/\/elithea-psy.com\/?p=192\" target=\"_self\" >L&rsquo;enfant et les apprentissages malmen\u00e9s<\/a><\/h2>\n\n\n<div class=\"wp-block-group is-content-justification-center is-nowrap is-layout-flex wp-container-core-group-is-layout-aa7bf938 wp-block-group-is-layout-flex\" style=\"margin-top:1.01rem\"><a style=\"color:#000000; font-size:0.81rem;font-style:normal;font-weight:400;text-decoration:underline;text-transform:uppercase; padding-top:0.21rem;padding-right:0.21rem;padding-bottom:0.21rem;padding-left:0.21rem;\" class=\"wp-elements-d76d9681ef7d2039fa2b5e5d62ea084a wp-block-read-more has-text-color\" href=\"https:\/\/elithea-psy.com\/?p=192\" target=\"_self\">Lire la suite<span class=\"screen-reader-text\">\u00a0: L&rsquo;enfant et les apprentissages malmen\u00e9s<\/span><\/a><\/div>\n<\/div>\n<\/div>\n<\/div>\n\n<\/li><li class=\"wp-block-post post-166 post type-post status-publish format-standard hentry category-non-classe\">\n\n<div class=\"wp-block-group has-tertiary-background-color has-background is-layout-flow wp-container-core-group-is-layout-94542ded wp-block-group-is-layout-flow\" style=\"border-style:none;border-width:0px;border-radius:1px;min-height:0px;margin-top:0;margin-bottom:0;padding-top:0;padding-right:0;padding-bottom:0;padding-left:0\">\n\n\n<div class=\"wp-block-group has-global-padding is-layout-constrained wp-container-core-group-is-layout-cba7a6f0 wp-block-group-is-layout-constrained\" style=\"padding-top:2.01rem;padding-right:2.01rem;padding-bottom:2.01rem;padding-left:2.01rem\">\n<div class=\"wp-block-group is-vertical is-content-justification-stretch is-layout-flex wp-container-core-group-is-layout-b316ef67 wp-block-group-is-layout-flex\" style=\"min-height:0px\"><div style=\"color:#e27013;font-size:clamp(0.875rem, 0.875rem + ((1vw - 0.2rem) * 0.064), 0.91rem);font-style:normal;font-weight:400;text-decoration:none;text-transform:uppercase;padding-top:0;padding-bottom:0;padding-left:0;padding-right:0;margin-top:0;margin-bottom:0;margin-left:0;margin-right:0\" class=\"taxonomy-category has-text-align-center has-link-color wp-elements-0a3d64bd0d93e885378567799c673076 wp-block-post-terms has-text-color\"><a href=\"https:\/\/elithea-psy.com\/?cat=1\" rel=\"tag\">Non class\u00e9<\/a><\/div>\n\n\n<div class=\"wp-block-group is-content-justification-center is-layout-flex wp-container-core-group-is-layout-b74433ff wp-block-group-is-layout-flex\" style=\"margin-top:0;margin-bottom:0;padding-top:0;padding-right:0;padding-bottom:0;padding-left:0\"><div style=\"font-size:0.71rem; padding-right:0;padding-left:0;padding-top:0;padding-bottom:0;margin-right:0;margin-left:0;margin-top:0;margin-bottom:0;\" class=\"has-text-align-center wp-block-post-date\"><time datetime=\"2025-05-12T11:27:57+00:00\">12 mai 2025<\/time><\/div><\/div>\n\n\n<h2 style=\"color:#000000; font-size:clamp(0.879rem, 0.879rem + ((1vw - 0.2rem) * 0.784), 1.31rem);font-style:normal;font-weight:400;line-height:1.5;text-decoration:none; padding-top:1.05rem;margin-top:0px;margin-bottom:0px;margin-left:0px;margin-right:0px;\" class=\"has-text-align-center has-link-color wp-elements-cf71188b746d8b5a974e1caf09877df1 wp-block-post-title has-text-color\"><a href=\"https:\/\/elithea-psy.com\/?p=166\" target=\"_self\" >D\u00e9sadapter pour penser : une cl\u00e9 de lecture psychop\u00e9dagogique<\/a><\/h2>\n\n\n<div class=\"wp-block-group is-content-justification-center is-nowrap is-layout-flex wp-container-core-group-is-layout-aa7bf938 wp-block-group-is-layout-flex\" style=\"margin-top:1.01rem\"><a style=\"color:#000000; font-size:0.81rem;font-style:normal;font-weight:400;text-decoration:underline;text-transform:uppercase; padding-top:0.21rem;padding-right:0.21rem;padding-bottom:0.21rem;padding-left:0.21rem;\" class=\"wp-elements-d76d9681ef7d2039fa2b5e5d62ea084a wp-block-read-more has-text-color\" href=\"https:\/\/elithea-psy.com\/?p=166\" target=\"_self\">Lire la suite<span class=\"screen-reader-text\">\u00a0: D\u00e9sadapter pour penser : une cl\u00e9 de lecture psychop\u00e9dagogique<\/span><\/a><\/div>\n<\/div>\n<\/div>\n<\/div>\n\n<\/li><li class=\"wp-block-post post-147 post type-post status-publish format-standard hentry category-non-classe\">\n\n<div class=\"wp-block-group has-tertiary-background-color has-background is-layout-flow wp-container-core-group-is-layout-94542ded wp-block-group-is-layout-flow\" style=\"border-style:none;border-width:0px;border-radius:1px;min-height:0px;margin-top:0;margin-bottom:0;padding-top:0;padding-right:0;padding-bottom:0;padding-left:0\">\n\n\n<div class=\"wp-block-group has-global-padding is-layout-constrained wp-container-core-group-is-layout-cba7a6f0 wp-block-group-is-layout-constrained\" style=\"padding-top:2.01rem;padding-right:2.01rem;padding-bottom:2.01rem;padding-left:2.01rem\">\n<div class=\"wp-block-group is-vertical is-content-justification-stretch is-layout-flex wp-container-core-group-is-layout-b316ef67 wp-block-group-is-layout-flex\" style=\"min-height:0px\"><div style=\"color:#e27013;font-size:clamp(0.875rem, 0.875rem + ((1vw - 0.2rem) * 0.064), 0.91rem);font-style:normal;font-weight:400;text-decoration:none;text-transform:uppercase;padding-top:0;padding-bottom:0;padding-left:0;padding-right:0;margin-top:0;margin-bottom:0;margin-left:0;margin-right:0\" class=\"taxonomy-category has-text-align-center has-link-color wp-elements-0a3d64bd0d93e885378567799c673076 wp-block-post-terms has-text-color\"><a href=\"https:\/\/elithea-psy.com\/?cat=1\" rel=\"tag\">Non class\u00e9<\/a><\/div>\n\n\n<div class=\"wp-block-group is-content-justification-center is-layout-flex wp-container-core-group-is-layout-b74433ff wp-block-group-is-layout-flex\" style=\"margin-top:0;margin-bottom:0;padding-top:0;padding-right:0;padding-bottom:0;padding-left:0\"><div style=\"font-size:0.71rem; padding-right:0;padding-left:0;padding-top:0;padding-bottom:0;margin-right:0;margin-left:0;margin-top:0;margin-bottom:0;\" class=\"has-text-align-center wp-block-post-date\"><time datetime=\"2025-05-12T10:42:48+00:00\">12 mai 2025<\/time><\/div><\/div>\n\n\n<h2 style=\"color:#000000; font-size:clamp(0.879rem, 0.879rem + ((1vw - 0.2rem) * 0.784), 1.31rem);font-style:normal;font-weight:400;line-height:1.5;text-decoration:none; padding-top:1.05rem;margin-top:0px;margin-bottom:0px;margin-left:0px;margin-right:0px;\" class=\"has-text-align-center has-link-color wp-elements-cf71188b746d8b5a974e1caf09877df1 wp-block-post-title has-text-color\"><a href=\"https:\/\/elithea-psy.com\/?p=147\" target=\"_self\" >La inteligencia atrapada, Alicia Fernandez<\/a><\/h2>\n\n\n<div class=\"wp-block-group is-content-justification-center is-nowrap is-layout-flex wp-container-core-group-is-layout-aa7bf938 wp-block-group-is-layout-flex\" style=\"margin-top:1.01rem\"><a style=\"color:#000000; font-size:0.81rem;font-style:normal;font-weight:400;text-decoration:underline;text-transform:uppercase; padding-top:0.21rem;padding-right:0.21rem;padding-bottom:0.21rem;padding-left:0.21rem;\" class=\"wp-elements-d76d9681ef7d2039fa2b5e5d62ea084a wp-block-read-more has-text-color\" href=\"https:\/\/elithea-psy.com\/?p=147\" target=\"_self\">Lire la suite<span class=\"screen-reader-text\">\u00a0: La inteligencia atrapada, Alicia Fernandez<\/span><\/a><\/div>\n<\/div>\n<\/div>\n<\/div>\n\n<\/li><li class=\"wp-block-post post-88 post type-post status-publish format-standard has-post-thumbnail hentry category-non-classe\">\n\n<div class=\"wp-block-group has-tertiary-background-color has-background is-layout-flow wp-container-core-group-is-layout-94542ded wp-block-group-is-layout-flow\" style=\"border-style:none;border-width:0px;border-radius:1px;min-height:0px;margin-top:0;margin-bottom:0;padding-top:0;padding-right:0;padding-bottom:0;padding-left:0\"><figure style=\"height:364px; padding-top:0;padding-right:0;padding-bottom:0;padding-left:0;margin-top:0;margin-right:0;margin-bottom:0;margin-left:0;\" class=\"wp-block-post-featured-image\"><a href=\"https:\/\/elithea-psy.com\/?p=88\" target=\"_self\"  style=\"height:364px\"><img loading=\"lazy\" decoding=\"async\" width=\"735\" height=\"394\" src=\"https:\/\/elithea-psy.com\/wp-content\/uploads\/2025\/05\/PHOTO42.jpeg\" class=\"attachment-post-thumbnail size-post-thumbnail wp-post-image\" alt=\"Enfants sous \u00e9cran, parents sous tension\" style=\"height:364px;object-fit:cover;\" srcset=\"https:\/\/elithea-psy.com\/wp-content\/uploads\/2025\/05\/PHOTO42.jpeg 735w, https:\/\/elithea-psy.com\/wp-content\/uploads\/2025\/05\/PHOTO42-300x161.jpeg 300w\" sizes=\"auto, (max-width: 735px) 100vw, 735px\" \/><\/a><\/figure>\n\n\n<div class=\"wp-block-group has-global-padding is-layout-constrained wp-container-core-group-is-layout-cba7a6f0 wp-block-group-is-layout-constrained\" style=\"padding-top:2.01rem;padding-right:2.01rem;padding-bottom:2.01rem;padding-left:2.01rem\">\n<div class=\"wp-block-group is-vertical is-content-justification-stretch is-layout-flex wp-container-core-group-is-layout-b316ef67 wp-block-group-is-layout-flex\" style=\"min-height:0px\"><div style=\"color:#e27013;font-size:clamp(0.875rem, 0.875rem + ((1vw - 0.2rem) * 0.064), 0.91rem);font-style:normal;font-weight:400;text-decoration:none;text-transform:uppercase;padding-top:0;padding-bottom:0;padding-left:0;padding-right:0;margin-top:0;margin-bottom:0;margin-left:0;margin-right:0\" class=\"taxonomy-category has-text-align-center has-link-color wp-elements-0a3d64bd0d93e885378567799c673076 wp-block-post-terms has-text-color\"><a href=\"https:\/\/elithea-psy.com\/?cat=1\" rel=\"tag\">Non class\u00e9<\/a><\/div>\n\n\n<div class=\"wp-block-group is-content-justification-center is-layout-flex wp-container-core-group-is-layout-b74433ff wp-block-group-is-layout-flex\" style=\"margin-top:0;margin-bottom:0;padding-top:0;padding-right:0;padding-bottom:0;padding-left:0\"><div style=\"font-size:0.71rem; padding-right:0;padding-left:0;padding-top:0;padding-bottom:0;margin-right:0;margin-left:0;margin-top:0;margin-bottom:0;\" class=\"has-text-align-center wp-block-post-date\"><time datetime=\"2025-05-11T12:32:30+00:00\">11 mai 2025<\/time><\/div><\/div>\n\n\n<h2 style=\"color:#000000; font-size:clamp(0.879rem, 0.879rem + ((1vw - 0.2rem) * 0.784), 1.31rem);font-style:normal;font-weight:400;line-height:1.5;text-decoration:none; padding-top:1.05rem;margin-top:0px;margin-bottom:0px;margin-left:0px;margin-right:0px;\" class=\"has-text-align-center has-link-color wp-elements-cf71188b746d8b5a974e1caf09877df1 wp-block-post-title has-text-color\"><a href=\"https:\/\/elithea-psy.com\/?p=88\" target=\"_self\" >Enfants sous \u00e9cran, parents sous tension<\/a><\/h2>\n\n\n<div class=\"wp-block-group is-content-justification-center is-nowrap is-layout-flex wp-container-core-group-is-layout-aa7bf938 wp-block-group-is-layout-flex\" style=\"margin-top:1.01rem\"><a style=\"color:#000000; font-size:0.81rem;font-style:normal;font-weight:400;text-decoration:underline;text-transform:uppercase; padding-top:0.21rem;padding-right:0.21rem;padding-bottom:0.21rem;padding-left:0.21rem;\" class=\"wp-elements-d76d9681ef7d2039fa2b5e5d62ea084a wp-block-read-more has-text-color\" href=\"https:\/\/elithea-psy.com\/?p=88\" target=\"_self\">Lire la suite<span class=\"screen-reader-text\">\u00a0: Enfants sous \u00e9cran, parents sous tension<\/span><\/a><\/div>\n<\/div>\n<\/div>\n<\/div>\n\n<\/li><\/ul>\n\n\n<div class=\"wp-block-group alignwide has-global-padding is-layout-constrained wp-container-core-group-is-layout-1401ebcd wp-block-group-is-layout-constrained\" style=\"margin-top:2.01rem;padding-top:2.01rem;padding-right:0;padding-bottom:2.01rem;padding-left:0\"><\/div>\n<\/div>\n<\/div>\n<\/div>\n","protected":false},"excerpt":{"rendered":"","protected":false},"author":1,"featured_media":0,"parent":0,"menu_order":0,"comment_status":"closed","ping_status":"closed","template":"","meta":{"footnotes":""},"class_list":["post-97","page","type-page","status-publish","hentry"],"_links":{"self":[{"href":"https:\/\/elithea-psy.com\/index.php?rest_route=\/wp\/v2\/pages\/97","targetHints":{"allow":["GET"]}}],"collection":[{"href":"https:\/\/elithea-psy.com\/index.php?rest_route=\/wp\/v2\/pages"}],"about":[{"href":"https:\/\/elithea-psy.com\/index.php?rest_route=\/wp\/v2\/types\/page"}],"author":[{"embeddable":true,"href":"https:\/\/elithea-psy.com\/index.php?rest_route=\/wp\/v2\/users\/1"}],"replies":[{"embeddable":true,"href":"https:\/\/elithea-psy.com\/index.php?rest_route=%2Fwp%2Fv2%2Fcomments&post=97"}],"version-history":[{"count":8,"href":"https:\/\/elithea-psy.com\/index.php?rest_route=\/wp\/v2\/pages\/97\/revisions"}],"predecessor-version":[{"id":409,"href":"https:\/\/elithea-psy.com\/index.php?rest_route=\/wp\/v2\/pages\/97\/revisions\/409"}],"wp:attachment":[{"href":"https:\/\/elithea-psy.com\/index.php?rest_route=%2Fwp%2Fv2%2Fmedia&parent=97"}],"curies":[{"name":"wp","href":"https:\/\/api.w.org\/{rel}","templated":true}]}}