{"id":302,"date":"2025-05-14T11:24:13","date_gmt":"2025-05-14T11:24:13","guid":{"rendered":"https:\/\/elithea-psy.com\/?page_id=302"},"modified":"2025-06-24T14:10:44","modified_gmt":"2025-06-24T14:10:44","slug":"services","status":"publish","type":"page","link":"https:\/\/elithea-psy.com\/?page_id=302","title":{"rendered":"SERVICES"},"content":{"rendered":"\n<div class=\"wp-block-cover alignfull is-light\" style=\"padding-top:2%;min-height:60rem;aspect-ratio:unset;\"><img loading=\"lazy\" decoding=\"async\" width=\"1024\" height=\"517\" class=\"wp-block-cover__image-background wp-image-306 size-large\" alt=\"\" src=\"https:\/\/elithea-psy.com\/wp-content\/uploads\/2025\/05\/PHOTO1-11-1024x517.jpg\" data-object-fit=\"cover\" srcset=\"https:\/\/elithea-psy.com\/wp-content\/uploads\/2025\/05\/PHOTO1-11-1024x517.jpg 1024w, https:\/\/elithea-psy.com\/wp-content\/uploads\/2025\/05\/PHOTO1-11-300x151.jpg 300w, https:\/\/elithea-psy.com\/wp-content\/uploads\/2025\/05\/PHOTO1-11-768x387.jpg 768w, https:\/\/elithea-psy.com\/wp-content\/uploads\/2025\/05\/PHOTO1-11.jpg 1441w\" sizes=\"auto, (max-width: 1024px) 100vw, 1024px\" \/><span aria-hidden=\"true\" class=\"wp-block-cover__background has-background-dim-0 has-background-dim\" style=\"background-color:#beccbc\"><\/span><div class=\"wp-block-cover__inner-container has-global-padding is-layout-constrained wp-container-core-cover-is-layout-ee51f2d2 wp-block-cover-is-layout-constrained\">\n<div class=\"wp-block-group alignwide is-vertical is-content-justification-center is-layout-flex wp-container-core-group-is-layout-5e763914 wp-block-group-is-layout-flex\" style=\"min-height:35rem\">\n<div class=\"wp-block-group has-global-padding is-layout-constrained wp-container-core-group-is-layout-bea02a06 wp-block-group-is-layout-constrained\">\n<p><\/p>\n\n\n\n<h3 class=\"wp-block-heading has-text-align-center has-text-color\" style=\"color:#07277c;margin-bottom:1rem;font-size:clamp(1.884rem, 1.884rem + ((1vw - 0.2rem) * 2.575), 3.3rem);font-style:normal;font-weight:400;line-height:1;text-transform:none\"><\/h3>\n\n\n\n<h2 class=\"wp-block-heading has-text-align-center has-text-color\" style=\"color:#07277c;margin-top:0rem;margin-bottom:1.01rem;font-size:clamp(1.25rem, 1.25rem + ((1vw - 0.2rem) * 1.364), 2rem);font-style:normal;font-weight:400;line-height:1.1;text-transform:capitalize\"><\/h2>\n\n\n\n<p class=\"has-text-align-center has-text-color has-link-color has-large-font-size wp-elements-24e16fa1caa76d8139bca6368066b3b9\" style=\"color:#c2892f\">ACCOMPAGNEMENT psychologique<\/p>\n\n\n\n<div class=\"wp-block-group is-vertical is-content-justification-stretch is-layout-flex wp-container-core-group-is-layout-be82aac6 wp-block-group-is-layout-flex\" style=\"margin-top:0rem;padding-right:0px;padding-left:0px\">\n<div class=\"wp-block-group has-global-padding is-content-justification-center is-layout-constrained wp-container-core-group-is-layout-0638dde4 wp-block-group-is-layout-constrained\" style=\"margin-top:0px\">\n<div class=\"wp-block-buttons is-horizontal is-content-justification-right is-layout-flex wp-container-core-buttons-is-layout-e5324bbf wp-block-buttons-is-layout-flex\" style=\"margin-top:0.21rem\">\n<div class=\"wp-block-button has-custom-width wp-block-button__width-100 is-style-fill\"><a class=\"wp-block-button__link has-text-color has-background has-border-color has-custom-font-size wp-element-button\" href=\"https:\/\/elithea-psy.com\/?page_id=18\" style=\"border-color:#041d55;border-style:solid;border-width:1px;border-radius:2.5rem;color:#07277c;background-color:#ffffff;padding-top:1.1rem;padding-right:0.81rem;padding-bottom:1.1rem;padding-left:0.81rem;font-size:clamp(0.875rem, 0.875rem + ((1vw - 0.2rem) * 0.609), 1.21rem);font-style:normal;font-weight:400;line-height:1;text-transform:capitalize\">Prendre RDV<\/a><\/div>\n<\/div>\n<\/div>\n<\/div>\n<\/div>\n<\/div>\n<\/div><\/div>\n\n\n\n<p><\/p>\n\n\n\n<div class=\"wp-block-cover alignfull is-light has-custom-body-text-color-color has-text-color\" style=\"padding-top:96px;padding-bottom:96px\"><span aria-hidden=\"true\" class=\"wp-block-cover__background has-base-background-color has-background-dim-0 has-background-dim\"><\/span><div class=\"wp-block-cover__inner-container has-global-padding is-layout-constrained wp-container-core-cover-is-layout-e1aa79fa wp-block-cover-is-layout-constrained\">\n<h2 class=\"wp-block-heading has-text-align-center has-text-color\" style=\"color:#000000;padding-bottom:160px;font-size:clamp(29.768px, 1.861rem + ((1vw - 3.2px) * 2.526), 52px);font-style:normal;font-weight:400;line-height:1.2\">Nos Services<\/h2>\n\n\n\n<div class=\"wp-block-columns is-layout-flex wp-container-core-columns-is-layout-d8416829 wp-block-columns-is-layout-flex\" style=\"margin-top:0px;margin-bottom:70px;padding-top:0px;padding-bottom:0px\">\n<div class=\"wp-block-column is-layout-flow wp-block-column-is-layout-flow\">\n<figure class=\"wp-block-image aligncenter size-full is-resized\"><img decoding=\"async\" src=\"https:\/\/tyler.com\/wp-content\/uploads\/2023\/10\/mental-illness.png\" alt=\"\" class=\"wp-image-2752\" style=\"width:80px;height:undefinedpx\"\/><\/figure>\n\n\n\n<h3 class=\"wp-block-heading has-text-align-center has-text-color\" style=\"color:#000000;padding-top:20px;padding-bottom:20px;font-size:clamp(17.371px, 1.086rem + ((1vw - 3.2px) * 1.094), 27px);font-style:normal;font-weight:400;line-height:1.5\">soutien psychologique<\/h3>\n\n\n\n<p class=\"has-text-align-center has-text-color has-link-color wp-elements-842e9c26ef27a2b7b66142981f9f7e08\" style=\"color:#000000;font-size:clamp(14px, 0.875rem + ((1vw - 3.2px) * 0.455), 18px);\">Les psychoth\u00e9rapies br\u00e8ves offrent un accompagnement cibl\u00e9 sur des enjeux sp\u00e9cifiques. En 12 \u00e0 20 s\u00e9ances, nous explorons ensemble vos pr\u00e9occupations pour d\u00e9bloquer des situations difficiles. Ce format dynamique favorise un changement rapide et efficace, vous rapprochant de vos objectifs et de votre bien-\u00eatre.<\/p>\n\n\n\n<p class=\"has-text-align-center has-text-color\" style=\"color:#000000;font-size:clamp(14px, 0.875rem + ((1vw - 3.2px) * 0.455), 18px);line-height:1.6\">12-20 s\u00e9ances | 50 \u20ac<\/p>\n<\/div>\n\n\n\n<div class=\"wp-block-column is-layout-flow wp-block-column-is-layout-flow\">\n<figure class=\"wp-block-image aligncenter size-full is-resized\"><img decoding=\"async\" src=\"https:\/\/tyler.com\/wp-content\/uploads\/2023\/10\/therapy.png\" alt=\"\" class=\"wp-image-2753\" style=\"width:80px;height:undefinedpx\"\/><\/figure>\n\n\n\n<h3 class=\"wp-block-heading has-text-align-center has-text-color\" style=\"color:#000000;padding-top:20px;padding-bottom:20px;font-size:clamp(17.371px, 1.086rem + ((1vw - 3.2px) * 1.094), 27px);font-style:normal;font-weight:400;line-height:1.5\">accompagnement parentalit\u00e9<\/h3>\n\n\n\n<p class=\"has-text-align-center has-text-color has-link-color wp-elements-8ff9b4ccd0121acfaa70c11a3ef57487\" style=\"color:#000000;font-size:clamp(14px, 0.875rem + ((1vw - 3.2px) * 0.455), 18px);\">Le suivi individuel propose un espace d\u02bc\u00e9coute et d\u02bc\u00e9change personnalis\u00e9. Chaque s\u00e9ance de 45 minutes est d\u00e9di\u00e9e \u00e0 explorer vos \u00e9motions, vos pens\u00e9es et vos d\u00e9fis. Nous travaillons ensemble pour lever les obstacles, favoriser votre bien-\u00eatre et restaurer la joie d\u02bcapprendre. Un voyage unique vers la compr\u00e9hension de soi.<\/p>\n\n\n\n<p class=\"has-text-align-center has-text-color\" style=\"color:#000000;font-size:clamp(14px, 0.875rem + ((1vw - 3.2px) * 0.455), 18px);line-height:1.6\">45 min | 60 \u20ac<\/p>\n<\/div>\n<\/div>\n\n\n\n<div class=\"wp-block-columns are-vertically-aligned-top is-layout-flex wp-container-core-columns-is-layout-514d226b wp-block-columns-is-layout-flex\" style=\"padding-top:40px;padding-bottom:0px\">\n<div class=\"wp-block-column is-vertically-aligned-top is-layout-flow wp-block-column-is-layout-flow\">\n<figure class=\"wp-block-image aligncenter size-full is-resized\"><img loading=\"lazy\" decoding=\"async\" width=\"268\" height=\"268\" src=\"https:\/\/elithea-psy.com\/wp-content\/uploads\/2025\/05\/photo51-edited-1.jpeg\" alt=\"\" class=\"wp-image-323\" style=\"width:98px;height:auto\" srcset=\"https:\/\/elithea-psy.com\/wp-content\/uploads\/2025\/05\/photo51-edited-1.jpeg 268w, https:\/\/elithea-psy.com\/wp-content\/uploads\/2025\/05\/photo51-edited-1-150x150.jpeg 150w\" sizes=\"auto, (max-width: 268px) 100vw, 268px\" \/><\/figure>\n\n\n\n<h3 class=\"wp-block-heading has-text-align-center has-text-color\" style=\"color:#000000;padding-top:20px;padding-bottom:20px;font-size:clamp(17.371px, 1.086rem + ((1vw - 3.2px) * 1.094), 27px);font-style:normal;font-weight:400;line-height:1.5\">suivi p\u00e9dagogique<\/h3>\n\n\n\n<p class=\"has-text-align-center has-text-color has-link-color wp-elements-19ffc74e5051f760d139945a6296ed6d\" style=\"color:#000000;font-size:clamp(14px, 0.875rem + ((1vw - 3.2px) * 0.455), 18px);\">L\u02bcaccompagnement p\u00e9dagogique individuel. Ensemble, nous travaillons sur vos enjeux pour retrouver \u00e9quilibre et s\u00e9r\u00e9nit\u00e9. <\/p>\n\n\n\n<p class=\"has-text-align-center has-text-color has-link-color wp-elements-65e23b0bb58a288105c217ae816e2420\" style=\"color:#000000;font-size:clamp(14px, 0.875rem + ((1vw - 3.2px) * 0.455), 18px);\">2 seances | 1h30 x 2 | 50\u20ac <\/p>\n<\/div>\n\n\n\n<div class=\"wp-block-column is-vertically-aligned-top is-layout-flow wp-block-column-is-layout-flow\">\n<figure class=\"wp-block-image aligncenter size-full is-resized\"><img decoding=\"async\" src=\"https:\/\/tyler.com\/wp-content\/uploads\/2023\/10\/virtual-assistant.png\" alt=\"\" class=\"wp-image-2754\" style=\"width:80px;height:undefinedpx\"\/><\/figure>\n\n\n\n<h3 class=\"wp-block-heading has-text-align-center has-text-color\" style=\"color:#000000;padding-top:20px;padding-bottom:20px;font-size:clamp(17.371px, 1.086rem + ((1vw - 3.2px) * 1.094), 27px);font-style:normal;font-weight:400;line-height:1.5\">modalit\u00e9 en ligne<\/h3>\n\n\n\n<p class=\"has-text-align-center has-text-color has-link-color wp-elements-448ee7a937fe705a15a34b4fbc1c34a8\" style=\"color:#000000;font-size:clamp(14px, 0.875rem + ((1vw - 3.2px) * 0.455), 18px);\">Les ateliers groupaux sont des espaces d\u02bc\u00e9change et de cr\u00e9ativit\u00e9. \u00c0 travers des th\u00e9matiques comme \u00ab conte &amp; symbolisation \u00bb ou \u00ab sos devoirs \u00bb, les participants partagent exp\u00e9riences et strat\u00e9gies. Ces moments de convivialit\u00e9 favorisent l\u2019entraide et renforcent les comp\u00e9tences dans une ambiance bienveillante et ludique.<\/p>\n\n\n\n<p class=\"has-text-align-center has-text-color\" style=\"color:#000000;font-size:clamp(14px, 0.875rem + ((1vw - 3.2px) * 0.455), 18px);line-height:1.6\">2h | 30 \u20ac<\/p>\n<\/div>\n<\/div>\n<\/div><\/div>\n\n\n\n<section class=\"wp-block-group alignfull has-text-color has-background has-global-padding is-layout-constrained wp-container-core-group-is-layout-38ad39fd wp-block-group-is-layout-constrained\" style=\"color:#03081e;background-color:#eff9ff;margin-top:0px;padding-top:5.01rem;padding-right:1rem;padding-bottom:5.5rem;padding-left:1rem;font-size:clamp(0.875rem, 0.875rem + ((1vw - 0.2rem) * 0.464), 1.13rem);font-style:normal;font-weight:400;line-height:1.4\">\n<div class=\"wp-block-columns is-layout-flex wp-container-core-columns-is-layout-db2df21c wp-block-columns-is-layout-flex\" style=\"margin-bottom:0px\">\n<div class=\"wp-block-column has-global-padding is-content-justification-left is-layout-constrained wp-container-core-column-is-layout-12dd3699 wp-block-column-is-layout-constrained\" style=\"flex-basis:45%\">\n<figure class=\"wp-block-image aligncenter size-full is-resized\"><img loading=\"lazy\" decoding=\"async\" width=\"736\" height=\"736\" src=\"https:\/\/elithea-psy.com\/wp-content\/uploads\/2025\/05\/photo15-4.jpeg\" alt=\"\" class=\"wp-image-331\" style=\"width:446px\" srcset=\"https:\/\/elithea-psy.com\/wp-content\/uploads\/2025\/05\/photo15-4.jpeg 736w, https:\/\/elithea-psy.com\/wp-content\/uploads\/2025\/05\/photo15-4-300x300.jpeg 300w, https:\/\/elithea-psy.com\/wp-content\/uploads\/2025\/05\/photo15-4-150x150.jpeg 150w\" sizes=\"auto, (max-width: 736px) 100vw, 736px\" \/><\/figure>\n<\/div>\n\n\n\n<div class=\"wp-block-column is-layout-flow wp-block-column-is-layout-flow\">\n<div class=\"wp-block-group is-vertical is-content-justification-left is-layout-flex wp-container-core-group-is-layout-c5d44cae wp-block-group-is-layout-flex\" style=\"min-height:100%\">\n<div class=\"wp-block-group has-global-padding is-content-justification-center is-layout-constrained wp-container-core-group-is-layout-b15c80d6 wp-block-group-is-layout-constrained\">\n<h3 class=\"wp-block-heading has-text-align-left has-text-color\" style=\"color:#07277c;margin-top:0.5rem;margin-bottom:1.01rem;font-size:clamp(1.556rem, 1.556rem + ((1vw - 0.2rem) * 1.916), 2.61rem);font-style:normal;font-weight:500;letter-spacing:0px;line-height:1.3;text-transform:capitalize\">notre approche<\/h3>\n\n\n\n<p class=\"has-text-align-left has-text-color\" style=\"color:#03081e;margin-top:0rem;font-size:clamp(0.875rem, 0.875rem + ((1vw - 0.2rem) * 0.609), 1.21rem);font-style:normal;font-weight:400;line-height:1.6\">Nous croyons en l\u02bcimportance d\u02bcune \u00e9coute sinc\u00e8re et d\u02bcun soutien inconditionnel. Notre approche allie psychoth\u00e9rapie et psychop\u00e9dagogie, car chaque individu m\u00e9rite d\u02bc\u00eatre compris et guid\u00e9. Nous valorisons la confidentialit\u00e9, le respect et l\u02bcempathie pour cr\u00e9er un espace s\u00e9curis\u00e9 o\u00f9 chacun peut explorer ses \u00e9motions et grandir \u00e0 son rythme.<\/p>\n\n\n\n<div class=\"wp-block-group has-global-padding is-content-justification-left is-layout-constrained wp-container-core-group-is-layout-30c9064c wp-block-group-is-layout-constrained\" style=\"margin-top:0px\">\n<div class=\"wp-block-buttons is-horizontal is-content-justification-left is-layout-flex wp-container-core-buttons-is-layout-50dd055c wp-block-buttons-is-layout-flex\" style=\"margin-top:2.51rem\">\n<div class=\"wp-block-button has-custom-width wp-block-button__width-100 is-style-fill\"><a class=\"wp-block-button__link has-text-color has-background has-border-color has-custom-font-size wp-element-button\" href=\"https:\/\/elithea-psy.com\/?page_id=18\" style=\"border-color:#041d55;border-style:solid;border-width:1px;border-radius:2.5rem;color:#07277c;background-color:#ffffff;padding-top:1.1rem;padding-right:0.81rem;padding-bottom:1.1rem;padding-left:0.81rem;font-size:clamp(0.875rem, 0.875rem + ((1vw - 0.2rem) * 0.609), 1.21rem);font-style:normal;font-weight:400;line-height:1;text-transform:capitalize\">Contactez-Nous<\/a><\/div>\n<\/div>\n<\/div>\n<\/div>\n<\/div>\n<\/div>\n<\/div>\n<\/section>\n\n\n\n<section class=\"wp-block-group alignfull has-text-color has-global-padding is-layout-constrained wp-container-core-group-is-layout-5e70687f wp-block-group-is-layout-constrained\" style=\"color:#3e3e3e;margin-top:0rem;padding-right:1rem;padding-left:1rem;font-size:clamp(0.875rem, 0.875rem + ((1vw - 0.2rem) * 0.464), 1.13rem);font-style:normal;font-weight:400;line-height:1.5\">\n<div class=\"wp-block-group has-global-padding is-layout-constrained wp-container-core-group-is-layout-a2b288bf wp-block-group-is-layout-constrained\" style=\"padding-top:7.01rem;padding-bottom:7.01rem\">\n<h2 class=\"wp-block-heading has-text-align-center has-text-color\" style=\"color:#07277c;margin-bottom:3.01rem;font-size:clamp(1.605rem, 1.605rem + ((1vw - 0.2rem) * 2.009), 2.71rem);font-style:normal;font-weight:500;line-height:1.3;text-transform:capitalize\">T\u00e9moignages<\/h2>\n\n\n\n<div class=\"wp-block-columns is-layout-flex wp-container-core-columns-is-layout-85231905 wp-block-columns-is-layout-flex\">\n<div class=\"wp-block-column has-global-padding is-layout-constrained wp-container-core-column-is-layout-29cfd2c5 wp-block-column-is-layout-constrained\">\n<div class=\"wp-block-group is-vertical is-content-justification-center is-layout-flex wp-container-core-group-is-layout-4044f25c wp-block-group-is-layout-flex\" style=\"min-height:177px\">\n<h6 class=\"wp-block-heading has-text-align-center has-text-color\" style=\"color:#212121;margin-bottom:2rem;font-size:clamp(0.875rem, 0.875rem + ((1vw - 0.2rem) * 0.682), 1.25rem);font-style:normal;font-weight:400;line-height:1.55;text-transform:none\">Gr\u00e2ce \u00e0 cet accompagnement, j\u02bcai retrouv\u00e9 confiance en moi et appris \u00e0 g\u00e9rer mes \u00e9motions. Une exp\u00e9rience transformative !<\/h6>\n\n\n\n<p class=\"has-text-align-center has-text-color has-link-color wp-elements-60d6234f82a10f3bf6c2820f8487e7fa\" style=\"color:#161616;margin-top:0px;font-size:0.85rem;font-style:normal;font-weight:500;line-height:1.5;text-transform:uppercase\">Sophie M.<\/p>\n<\/div>\n<\/div>\n\n\n\n<div class=\"wp-block-column has-global-padding is-layout-constrained wp-container-core-column-is-layout-29cfd2c5 wp-block-column-is-layout-constrained\">\n<div class=\"wp-block-group is-vertical is-content-justification-center is-layout-flex wp-container-core-group-is-layout-2fb0886f wp-block-group-is-layout-flex\" style=\"min-height:177px\">\n<h6 class=\"wp-block-heading has-text-align-center has-text-color\" style=\"color:#212121;margin-bottom:2rem;font-size:clamp(0.875rem, 0.875rem + ((1vw - 0.2rem) * 0.682), 1.25rem);font-style:normal;font-weight:400;line-height:1.55;text-transform:none\">Les ateliers m\u02bcont aid\u00e9 \u00e0 mieux comprendre mes enfants. Une approche bienveillante et enrichissante pour toute la famille !<\/h6>\n\n\n\n<p class=\"has-text-align-center has-text-color has-link-color wp-elements-7822775fa29ceb6d2e90f2ecfc7c164d\" style=\"color:#161616;margin-top:0px;font-size:0.85rem;font-style:normal;font-weight:500;line-height:1.5;text-transform:uppercase\">Thomas L.<\/p>\n<\/div>\n<\/div>\n\n\n\n<div class=\"wp-block-column has-global-padding is-layout-constrained wp-container-core-column-is-layout-29cfd2c5 wp-block-column-is-layout-constrained\">\n<div class=\"wp-block-group is-vertical is-content-justification-center is-layout-flex wp-container-core-group-is-layout-2fb0886f wp-block-group-is-layout-flex\" style=\"min-height:177px\">\n<h6 class=\"wp-block-heading has-text-align-center has-text-color\" style=\"color:#212121;margin-bottom:2rem;font-size:clamp(0.875rem, 0.875rem + ((1vw - 0.2rem) * 0.682), 1.25rem);font-style:normal;font-weight:400;line-height:1.55;text-transform:none\">J\u02bcai d\u00e9couvert des outils pratiques pour surmonter mes blocages scolaires. L\u02bcaccompagnement a \u00e9t\u00e9 pr\u00e9cieux et rassurant.<\/h6>\n\n\n\n<p class=\"has-text-align-center has-text-color has-link-color wp-elements-afd896890dec541770c0dc1c65f00f32\" style=\"color:#161616;margin-top:0px;font-size:0.85rem;font-style:normal;font-weight:500;line-height:1.5;text-transform:uppercase\">Emma R.<\/p>\n<\/div>\n<\/div>\n<\/div>\n<\/div>\n<\/section>\n\n\n\n<section class=\"wp-block-cover alignfull\" style=\"margin-top:0px;padding-bottom:12.51rem;min-height:650px;aspect-ratio:unset;\"><img loading=\"lazy\" decoding=\"async\" width=\"735\" height=\"493\" class=\"wp-block-cover__image-background wp-image-339 size-full\" alt=\"\" src=\"https:\/\/elithea-psy.com\/wp-content\/uploads\/2025\/05\/PHOTO41-2.jpeg\" data-object-fit=\"cover\" srcset=\"https:\/\/elithea-psy.com\/wp-content\/uploads\/2025\/05\/PHOTO41-2.jpeg 735w, https:\/\/elithea-psy.com\/wp-content\/uploads\/2025\/05\/PHOTO41-2-300x201.jpeg 300w\" sizes=\"auto, (max-width: 735px) 100vw, 735px\" \/><span aria-hidden=\"true\" class=\"wp-block-cover__background has-background-dim\" style=\"background-color:#120804\"><\/span><div class=\"wp-block-cover__inner-container has-global-padding is-layout-constrained wp-container-core-cover-is-layout-19e6744e wp-block-cover-is-layout-constrained\">\n<div class=\"wp-block-group alignfull has-text-color has-global-padding is-layout-constrained wp-container-core-group-is-layout-6f61d7e7 wp-block-group-is-layout-constrained\" style=\"color:#252525;margin-top:0px;padding-top:0rem;padding-right:1rem;padding-bottom:0rem;padding-left:1rem;font-size:clamp(0.875rem, 0.875rem + ((1vw - 0.2rem) * 0.464), 1.13rem);font-style:normal;font-weight:400;line-height:1.4\">\n<div class=\"wp-block-group is-vertical is-content-justification-center is-layout-flex wp-container-core-group-is-layout-b6c1f246 wp-block-group-is-layout-flex\">\n<div class=\"wp-block-group has-global-padding is-layout-constrained wp-container-core-group-is-layout-a099c240 wp-block-group-is-layout-constrained\">\n<h2 class=\"wp-block-heading has-text-align-center has-text-color\" style=\"color:#fbfbfb;margin-bottom:1.11rem;font-size:clamp(1.556rem, 1.556rem + ((1vw - 0.2rem) * 1.916), 2.61rem);font-style:normal;font-weight:500;line-height:1.2;text-transform:capitalize\">Contactez-Nous<\/h2>\n\n\n\n<p class=\"has-text-align-center has-text-color\" style=\"color:#fafafa;margin-top:0rem;font-size:clamp(0.875rem, 0.875rem + ((1vw - 0.2rem) * 0.427), 1.11rem);font-style:normal;font-weight:400;line-height:1.6\">faire le point sur vos besoins.<\/p>\n\n\n\n<div class=\"wp-block-group is-vertical is-content-justification-stretch is-layout-flex wp-container-core-group-is-layout-be82aac6 wp-block-group-is-layout-flex\" style=\"margin-top:0rem;padding-right:0px;padding-left:0px\">\n<div class=\"wp-block-group has-global-padding is-content-justification-center is-layout-constrained wp-container-core-group-is-layout-0638dde4 wp-block-group-is-layout-constrained\" style=\"margin-top:0px\">\n<div class=\"wp-block-buttons is-horizontal is-content-justification-right is-layout-flex wp-container-core-buttons-is-layout-1b0e492f wp-block-buttons-is-layout-flex\" style=\"margin-top:2.21rem\">\n<div class=\"wp-block-button has-custom-width wp-block-button__width-100 is-style-fill\"><a class=\"wp-block-button__link has-text-color has-background has-border-color has-custom-font-size wp-element-button\" href=\"https:\/\/elithea-psy.com\/?page_id=18\" style=\"border-color:#041d55;border-style:solid;border-width:1px;border-radius:2.5rem;color:#07277c;background-color:#ffffff;padding-top:1.1rem;padding-right:0.81rem;padding-bottom:1.1rem;padding-left:0.81rem;font-size:clamp(0.875rem, 0.875rem + ((1vw - 0.2rem) * 0.609), 1.21rem);font-style:normal;font-weight:400;line-height:1;text-transform:capitalize\">Prenez Contact<\/a><\/div>\n<\/div>\n<\/div>\n<\/div>\n<\/div>\n<\/div>\n<\/div>\n<\/div><\/section>\n\n\n\n<p><\/p>\n","protected":false},"excerpt":{"rendered":"<p>notre approche Nous croyons en l\u02bcimportance d\u02bcune \u00e9coute sinc\u00e8re et d\u02bcun soutien inconditionnel. Notre approche allie psychoth\u00e9rapie et psychop\u00e9dagogie, car chaque individu m\u00e9rite d\u02bc\u00eatre compris et guid\u00e9. Nous valorisons la confidentialit\u00e9, le respect et l\u02bcempathie pour cr\u00e9er un espace s\u00e9curis\u00e9 o\u00f9 chacun peut explorer ses \u00e9motions et grandir \u00e0 son rythme. T\u00e9moignages Gr\u00e2ce \u00e0 cet [&hellip;]<\/p>\n","protected":false},"author":1,"featured_media":0,"parent":0,"menu_order":0,"comment_status":"closed","ping_status":"closed","template":"","meta":{"footnotes":""},"class_list":["post-302","page","type-page","status-publish","hentry"],"_links":{"self":[{"href":"https:\/\/elithea-psy.com\/index.php?rest_route=\/wp\/v2\/pages\/302","targetHints":{"allow":["GET"]}}],"collection":[{"href":"https:\/\/elithea-psy.com\/index.php?rest_route=\/wp\/v2\/pages"}],"about":[{"href":"https:\/\/elithea-psy.com\/index.php?rest_route=\/wp\/v2\/types\/page"}],"author":[{"embeddable":true,"href":"https:\/\/elithea-psy.com\/index.php?rest_route=\/wp\/v2\/users\/1"}],"replies":[{"embeddable":true,"href":"https:\/\/elithea-psy.com\/index.php?rest_route=%2Fwp%2Fv2%2Fcomments&post=302"}],"version-history":[{"count":23,"href":"https:\/\/elithea-psy.com\/index.php?rest_route=\/wp\/v2\/pages\/302\/revisions"}],"predecessor-version":[{"id":399,"href":"https:\/\/elithea-psy.com\/index.php?rest_route=\/wp\/v2\/pages\/302\/revisions\/399"}],"wp:attachment":[{"href":"https:\/\/elithea-psy.com\/index.php?rest_route=%2Fwp%2Fv2%2Fmedia&parent=302"}],"curies":[{"name":"wp","href":"https:\/\/api.w.org\/{rel}","templated":true}]}}