{"id":18,"date":"2025-05-11T08:27:30","date_gmt":"2025-05-11T08:27:30","guid":{"rendered":"https:\/\/elithea-psy.com\/?page_id=18"},"modified":"2025-06-24T12:40:36","modified_gmt":"2025-06-24T12:40:36","slug":"contact","status":"publish","type":"page","link":"https:\/\/elithea-psy.com\/?page_id=18","title":{"rendered":"CONTACT"},"content":{"rendered":"\n<div class=\"wp-block-group alignwide has-global-padding is-layout-constrained wp-container-core-group-is-layout-81fb2944 wp-block-group-is-layout-constrained\" style=\"margin-top:0px;margin-bottom:0px;padding-top:80px;padding-bottom:80px\">\n<div class=\"wp-block-columns alignwide is-layout-flex wp-container-core-columns-is-layout-9cf8123d wp-block-columns-is-layout-flex\">\n<div class=\"wp-block-column is-vertically-aligned-top is-layout-flow wp-container-core-column-is-layout-8a368f38 wp-block-column-is-layout-flow\">\n<h2 class=\"wp-block-heading\" style=\"margin-bottom:20px;font-size:clamp(18.959px, 1.185rem + ((1vw - 3.2px) * 1.255), 30px);\">FORMULAIRE DE CONTACT<\/h2>\n\n\n<style id=\"wpforms-css-vars-124-block-f94851fb-1be1-445d-9470-fffd11aea3e4\">\n\t\t\t\t#wpforms-124.wpforms-block-f94851fb-1be1-445d-9470-fffd11aea3e4 {\n\t\t\t\t--wpforms-button-background-color: #e37013;\n--wpforms-field-size-input-height: 43px;\n--wpforms-field-size-input-spacing: 15px;\n--wpforms-field-size-font-size: 16px;\n--wpforms-field-size-line-height: 19px;\n--wpforms-field-size-padding-h: 14px;\n--wpforms-field-size-checkbox-size: 16px;\n--wpforms-field-size-sublabel-spacing: 5px;\n--wpforms-field-size-icon-size: 1;\n--wpforms-label-size-font-size: 16px;\n--wpforms-label-size-line-height: 19px;\n--wpforms-label-size-sublabel-font-size: 14px;\n--wpforms-label-size-sublabel-line-height: 17px;\n--wpforms-button-size-font-size: 17px;\n--wpforms-button-size-height: 41px;\n--wpforms-button-size-padding-h: 15px;\n--wpforms-button-size-margin-top: 10px;\n\n\t\t\t}\n\t\t\t<\/style><div class=\"wpforms-container wpforms-container-full wpforms-block wpforms-block-f94851fb-1be1-445d-9470-fffd11aea3e4 wpforms-render-modern\" id=\"wpforms-124\"><form id=\"wpforms-form-124\" class=\"wpforms-validate wpforms-form wpforms-ajax-form\" data-formid=\"124\" method=\"post\" enctype=\"multipart\/form-data\" action=\"\/index.php?rest_route=%2Fwp%2Fv2%2Fpages%2F18\" data-token=\"8c95384de1986dff18dd1ee5e28ae2ec\" data-token-time=\"1776351152\"><noscript class=\"wpforms-error-noscript\">Veuillez activer JavaScript dans votre navigateur pour remplir ce formulaire.<\/noscript><div class=\"wpforms-hidden\" id=\"wpforms-error-noscript\">Veuillez activer JavaScript dans votre navigateur pour remplir ce formulaire.<\/div><div class=\"wpforms-field-container\"><div id=\"wpforms-124-field_1-container\" class=\"wpforms-field wpforms-field-name\" data-field-id=\"1\"><label class=\"wpforms-field-label\" for=\"wpforms-124-field_1\">Nom <span class=\"wpforms-required-label\" aria-hidden=\"true\">*<\/span><\/label><input type=\"text\" id=\"wpforms-124-field_1\" class=\"wpforms-field-medium wpforms-field-required\" name=\"wpforms[fields][1]\" aria-errormessage=\"wpforms-124-field_1-error\" required><\/div><div id=\"wpforms-124-field_2-container\" class=\"wpforms-field wpforms-field-email\" data-field-id=\"2\"><label class=\"wpforms-field-label\" for=\"wpforms-124-field_2\">Email <span class=\"wpforms-required-label\" aria-hidden=\"true\">*<\/span><\/label><input type=\"email\" id=\"wpforms-124-field_2\" class=\"wpforms-field-medium wpforms-field-required\" name=\"wpforms[fields][2]\" spellcheck=\"false\" aria-errormessage=\"wpforms-124-field_2-error\" required><\/div><div id=\"wpforms-124-field_3-container\" class=\"wpforms-field wpforms-field-radio\" data-field-id=\"3\"><fieldset><legend class=\"wpforms-field-label\">Principal motif de consultation<\/legend><ul id=\"wpforms-124-field_3\"><li class=\"choice-1 depth-1\"><input type=\"radio\" id=\"wpforms-124-field_3_1\" name=\"wpforms[fields][3]\" value=\"Anxi\u00e9t\u00e9, stress, phobies\" aria-errormessage=\"wpforms-124-field_3_1-error\" aria-describedby=\"wpforms-124-field_3-description\"  ><label class=\"wpforms-field-label-inline\" for=\"wpforms-124-field_3_1\">Anxi\u00e9t\u00e9, stress, phobies<\/label><\/li><li class=\"choice-2 depth-1\"><input type=\"radio\" id=\"wpforms-124-field_3_2\" name=\"wpforms[fields][3]\" value=\"Estime de soi, confiance en soi, affirmation de soi\" aria-errormessage=\"wpforms-124-field_3_2-error\" aria-describedby=\"wpforms-124-field_3-description\"  ><label class=\"wpforms-field-label-inline\" for=\"wpforms-124-field_3_2\">Estime de soi, confiance en soi, affirmation de soi<\/label><\/li><li class=\"choice-4 depth-1\"><input type=\"radio\" id=\"wpforms-124-field_3_4\" name=\"wpforms[fields][3]\" value=\"D\u00e9pression, perte d\u2019\u00e9lan vital, d\u00e9motivation\" aria-errormessage=\"wpforms-124-field_3_4-error\" aria-describedby=\"wpforms-124-field_3-description\"  ><label class=\"wpforms-field-label-inline\" for=\"wpforms-124-field_3_4\">D\u00e9pression, perte d\u2019\u00e9lan vital, d\u00e9motivation<\/label><\/li><li class=\"choice-3 depth-1\"><input type=\"radio\" id=\"wpforms-124-field_3_3\" name=\"wpforms[fields][3]\" value=\"Difficult\u00e9s relationnelles : isolement, conflits familiaux ou conjugaux\" aria-errormessage=\"wpforms-124-field_3_3-error\" aria-describedby=\"wpforms-124-field_3-description\"  ><label class=\"wpforms-field-label-inline\" for=\"wpforms-124-field_3_3\">Difficult\u00e9s relationnelles : isolement, conflits familiaux ou conjugaux<\/label><\/li><li class=\"choice-5 depth-1\"><input type=\"radio\" id=\"wpforms-124-field_3_5\" name=\"wpforms[fields][3]\" value=\"Souffrance au travail, \u00e9puisement professionnel\" aria-errormessage=\"wpforms-124-field_3_5-error\" aria-describedby=\"wpforms-124-field_3-description\"  ><label class=\"wpforms-field-label-inline\" for=\"wpforms-124-field_3_5\">Souffrance au travail, \u00e9puisement professionnel<\/label><\/li><li class=\"choice-6 depth-1\"><input type=\"radio\" id=\"wpforms-124-field_3_6\" name=\"wpforms[fields][3]\" value=\"Deuil, s\u00e9paration, transitions de vie\" aria-errormessage=\"wpforms-124-field_3_6-error\" aria-describedby=\"wpforms-124-field_3-description\"  ><label class=\"wpforms-field-label-inline\" for=\"wpforms-124-field_3_6\">Deuil, s\u00e9paration, transitions de vie<\/label><\/li><li class=\"choice-7 depth-1\"><input type=\"radio\" id=\"wpforms-124-field_3_7\" name=\"wpforms[fields][3]\" value=\"Difficult\u00e9s li\u00e9es \u00e0 un parcours de migration ou \u00e0 un changement culturel\" aria-errormessage=\"wpforms-124-field_3_7-error\" aria-describedby=\"wpforms-124-field_3-description\"  ><label class=\"wpforms-field-label-inline\" for=\"wpforms-124-field_3_7\">Difficult\u00e9s li\u00e9es \u00e0 un parcours de migration ou \u00e0 un changement culturel<\/label><\/li><li class=\"choice-8 depth-1\"><input type=\"radio\" id=\"wpforms-124-field_3_8\" name=\"wpforms[fields][3]\" value=\"Troubles psychosomatiques\" aria-errormessage=\"wpforms-124-field_3_8-error\" aria-describedby=\"wpforms-124-field_3-description\"  ><label class=\"wpforms-field-label-inline\" for=\"wpforms-124-field_3_8\">Troubles psychosomatiques<\/label><\/li><li class=\"choice-9 depth-1\"><input type=\"radio\" id=\"wpforms-124-field_3_9\" name=\"wpforms[fields][3]\" value=\"Probl\u00e9matiques d\u2019adaptation scolaire ou professionnelle\" aria-errormessage=\"wpforms-124-field_3_9-error\" aria-describedby=\"wpforms-124-field_3-description\"  ><label class=\"wpforms-field-label-inline\" for=\"wpforms-124-field_3_9\">Probl\u00e9matiques d\u2019adaptation scolaire ou professionnelle<\/label><\/li><\/ul><div id=\"wpforms-124-field_3-description\" class=\"wpforms-field-description\">Prenons rendez-vous pour voir ensemble o\u00f9 vous en \u00eates.<\/div><\/fieldset><\/div><\/div><!-- .wpforms-field-container --><div class=\"wpforms-submit-container\" ><input type=\"hidden\" name=\"wpforms[id]\" value=\"124\"><input type=\"hidden\" name=\"page_title\" value=\"\"><input type=\"hidden\" name=\"page_url\" value=\"https:\/\/elithea-psy.com\/index.php?rest_route=\/wp\/v2\/pages\/18\"><input type=\"hidden\" name=\"url_referer\" value=\"\"><button type=\"submit\" name=\"wpforms[submit]\" id=\"wpforms-submit-124\" class=\"wpforms-submit\" data-alt-text=\"envoi en cours...\" data-submit-text=\"Envoyer\" aria-live=\"assertive\" value=\"wpforms-submit\">Envoyer<\/button><img loading=\"lazy\" decoding=\"async\" src=\"https:\/\/elithea-psy.com\/wp-content\/plugins\/wpforms-lite\/assets\/images\/submit-spin.svg\" class=\"wpforms-submit-spinner\" style=\"display: none;\" width=\"26\" height=\"26\" alt=\"Chargement en cours\"><\/div><\/form><\/div>  <!-- .wpforms-container --><\/div>\n<\/div>\n<\/div>\n","protected":false},"excerpt":{"rendered":"<p>FORMULAIRE DE CONTACT<\/p>\n","protected":false},"author":1,"featured_media":0,"parent":0,"menu_order":0,"comment_status":"closed","ping_status":"closed","template":"","meta":{"footnotes":""},"class_list":["post-18","page","type-page","status-publish","hentry"],"_links":{"self":[{"href":"https:\/\/elithea-psy.com\/index.php?rest_route=\/wp\/v2\/pages\/18","targetHints":{"allow":["GET"]}}],"collection":[{"href":"https:\/\/elithea-psy.com\/index.php?rest_route=\/wp\/v2\/pages"}],"about":[{"href":"https:\/\/elithea-psy.com\/index.php?rest_route=\/wp\/v2\/types\/page"}],"author":[{"embeddable":true,"href":"https:\/\/elithea-psy.com\/index.php?rest_route=\/wp\/v2\/users\/1"}],"replies":[{"embeddable":true,"href":"https:\/\/elithea-psy.com\/index.php?rest_route=%2Fwp%2Fv2%2Fcomments&post=18"}],"version-history":[{"count":6,"href":"https:\/\/elithea-psy.com\/index.php?rest_route=\/wp\/v2\/pages\/18\/revisions"}],"predecessor-version":[{"id":397,"href":"https:\/\/elithea-psy.com\/index.php?rest_route=\/wp\/v2\/pages\/18\/revisions\/397"}],"wp:attachment":[{"href":"https:\/\/elithea-psy.com\/index.php?rest_route=%2Fwp%2Fv2%2Fmedia&parent=18"}],"curies":[{"name":"wp","href":"https:\/\/api.w.org\/{rel}","templated":true}]}}